{"id":2174,"date":"2024-04-26T15:59:44","date_gmt":"2024-04-26T21:59:44","guid":{"rendered":"https:\/\/wisdenn.com\/aviso-de-privacidad\/"},"modified":"2024-08-16T08:19:56","modified_gmt":"2024-08-16T14:19:56","slug":"privacy-notice","status":"publish","type":"page","link":"https:\/\/wisdenn.com\/en\/privacy-notice\/","title":{"rendered":"Privacy Notice"},"content":{"rendered":"\n<section class=\"wp-block-agctexdomain-wrapper-agcblocks alignwide paddingTopBottom50 paddingTopBottomTablet50 paddingTopBottomMobile50 paddingLeftRight20 paddingLeftRightTablet20 paddingLeftRightMobile20 backgroundNoRepeat backgroundCover alturaDefault\"><div class=\"container\"><div class=\"wrapper-inner-blocks\">\n<p><strong><u>AVISO DE PRIVACIDAD WISDENN<\/u><\/strong><strong><\/strong><\/p>\n\n\n\n<ol class=\"wp-block-list\">\n<li>POR QU\u00c9 ESTE AVISO<\/li>\n\n\n\n<li>A QU\u00c9 SE REFIEREN CON MIS DATOS PERSONALES<\/li>\n\n\n\n<li>QUI\u00c9N RESGUARDA MIS DATOS PERSONALES<\/li>\n\n\n\n<li>PARA QU\u00c9 SE RECABAN Y UTILIZAN MIS DATOS PERSONALES<\/li>\n\n\n\n<li>QU\u00c9 DATOS PERSONALES OBTIENEN Y EN D\u00d3NDE<\/li>\n\n\n\n<li>C\u00d3MO PUEDO LIMITAR EL USO O DIVULGACI\u00d3N DE MIS DATOS PERSONALES<\/li>\n\n\n\n<li>C\u00d3MO ACCEDER, RECTIFICAR, CANCELAR MIS DATOS PERSONALES U OPONERME A SU USO<\/li>\n\n\n\n<li>C\u00d3MO REVOCAR MI CONSENTIMIENTO PARA EL TRATAMIENTO DE MIS DATOS<\/li>\n\n\n\n<li>QU\u00c9 SON LOS COOKIES Y WEB BEACONS<\/li>\n\n\n\n<li>TRANSFERENCIA DE DATOS PERSONALES Y CONFIDENCIALIDAD<\/li>\n\n\n\n<li>MENORES DE EDAD<\/li>\n\n\n\n<li>MODIFICACIONES AL AVISO DE PRIVACIDAD<\/li>\n\n\n\n<li>ACEPTACI\u00d3N DEL AVISO<\/li>\n\n\n\n<li>Y SI HAY UN TRATAMIENTO INDEBIDO DE MIS DATOS PERSONALES, ANTE QUI\u00c9N PUEDO ACUDIR POR ELLO<\/li>\n<\/ol>\n\n\n\n<h2 class=\"wp-block-heading\"><strong>POR QU\u00c9 ESTE AVISO<\/strong><\/h2>\n\n\n\n<p>Por que la Ley Federal de Protecci\u00f3n de Datos Personales en Posesi\u00f3n de Particulares establece que este documento debe ponerse a su disposici\u00f3n, previo el tratamiento de sus datos personales, teniendo la obligaci\u00f3n de hacerle saber a trav\u00e9s de este aviso qu\u00e9 informaci\u00f3n suya recabaremos y con qu\u00e9 fines.<\/p>\n\n\n\n<h2 class=\"wp-block-heading\"><strong>A QU\u00c9 SE REFIEREN CON MIS DATOS PERSONALES<\/strong><\/h2>\n\n\n\n<p>A cualquier informaci\u00f3n concerniente a usted como persona f\u00edsica identificada o identificable; reconociendo como datos personales sensibles aquellos que puedan revelar aspectos como origen racial o \u00e9tnico; estado de salud presente y futuro; informaci\u00f3n gen\u00e9tica; creencias religiosas, filos\u00f3ficas y morales; afiliaci\u00f3n sindical; opiniones pol\u00edticas o preferencia sexual.<\/p>\n\n\n\n<h2 class=\"wp-block-heading\"><strong>QUI\u00c9N RESGUARDA MIS DATOS PERSONALES<\/strong><\/h2>\n\n\n\n<p>WISDENN CONSULTING, S.A. DE C.V. (tambi\u00e9n referido como&nbsp;<strong>WISDENN<\/strong>); quien tiene su domicilio en Carretera Nacional #5000, Suite 101, Colonia La Rioja, en Monterrey, Nuevo Le\u00f3n, M\u00e9xico; con n\u00famero telef\u00f3nico&nbsp;<a href=\"tel:\\+52%20(81)%208357%201978\">+52 (81) 8357 1978<\/a>&nbsp; y correo electr\u00f3nico&nbsp;<a href=\"mailto:thania.nava@wisdenn.com\">thania.nava@wisdenn.com<\/a>; siendo la responsable del tratamiento de sus datos personales y quien se compromete a asegurar la privacidad de su informaci\u00f3n personal obtenida a trav\u00e9s de nuestras plataformas&nbsp;<strong>wisdenn.com (WISDENN)<\/strong>,&nbsp;<strong>wiz.coach (WIZ), stardrive.com.mx (StarDrive)&nbsp;<\/strong>y otros medios permitidos por la ley. Le sugerimos leer lo descrito a continuaci\u00f3n para comprender mejor el tratamiento de sus datos.<\/p>\n\n\n\n<h2 class=\"wp-block-heading\"><strong>PARA QU\u00c9 SE RECABAN Y UTILIZAN MIS DATOS PERSONALES<\/strong><\/h2>\n\n\n\n<p>Sus datos personales podr\u00e1n ser utilizados para lo siguiente:<\/p>\n\n\n\n<ul class=\"is-style-ListCircle wp-block-list\">\n<li>Integrar su membres\u00eda con nosotros y tenerlo correctamente identificado.<\/li>\n\n\n\n<li>Conocer sus datos bancarios y\/o m\u00e9todos de pago con los que cubrir\u00e1 sus costos correspondientes para acceder a nuestro Servicio.<\/li>\n\n\n\n<li>Proveerle los servicios y productos requeridos por usted.<\/li>\n\n\n\n<li>Informarle sobre cambios o nuevos productos o servicios que est\u00e9n relacionados con lo que usted contrat\u00f3 o adquiri\u00f3.<\/li>\n\n\n\n<li>Dar cumplimiento a obligaciones contra\u00eddas con usted.<\/li>\n\n\n\n<li>Evaluar la calidad del servicio.<\/li>\n\n\n\n<li>Ponderar sus costumbres y preferecias.<\/li>\n\n\n\n<li>Desarrollar nuevos productos y servicios.<\/li>\n\n\n\n<li>informarle sobre cambios en nuestros T\u00e9rminos de Uso y dem\u00e1s lineamientos relacionados con nuestras plataformas&nbsp;<strong>WISDENN, WIZ y StarDrive<\/strong>.<\/li>\n\n\n\n<li>Mantener actualizada su membres\u00eda a nuestra plataforma, seg\u00fan corresponda.<\/li>\n\n\n\n<li>Informarle sobre promociones, ofertas, novedades y eventos especiales.<\/li>\n\n\n\n<li>Contactarlo cuando sea necesario.<\/li>\n<\/ul>\n\n\n\n<h2 class=\"wp-block-heading\"><strong>QU\u00c9 DATOS PERSONALES OBTIENEN Y EN D\u00d3NDE<\/strong><\/h2>\n\n\n\n<p>Para dichas finalidades requerimos sus siguientes datos:<\/p>\n\n\n\n<p>Nombre completo; domicilio; edad; fecha y lugar de nacimiento; nacionalidad; sexo; estado civil; RFC y domicilio fiscal; correo electr\u00f3nico; n\u00famero telef\u00f3nico; clave \u00fanica de registro de poblaci\u00f3n (CURP); actividades de su inter\u00e9s; n\u00famero de tarjeta o cuenta bancaria; m\u00e9todos de pago de su preferencia. Informaci\u00f3n que principalmente nos brinda cuando procesa su inscripci\u00f3n a nuestro servicio&nbsp;<strong>WISDENN, WIZ o StarDrive,<\/strong>&nbsp;accediendo a nuestro sitio Web o aplicaciones en l\u00ednea; o cuando participa en nuestras promociones.<\/p>\n\n\n\n<h2 class=\"wp-block-heading\"><strong>C\u00d3MO PUEDO LIMITAR EL USO O DIVULGACI\u00d3N DE MIS DATOS PERSONALES<\/strong><\/h2>\n\n\n\n<p>Sus datos personales formar\u00e1n parte de un archivo que contendr\u00e1 su perfil, el cual podr\u00e1 ser modificado por usted en cualquier momento, utilizando su n\u00famero de membres\u00eda y\/o de identificaci\u00f3n personal asignados, que tambi\u00e9n pueden ser modificados por correo electr\u00f3nico. Se le aconseja actualizar sus datos peri\u00f3dicamente.<\/p>\n\n\n\n<h2 class=\"wp-block-heading\"><strong>C\u00d3MO ACCEDER, RECTIFICAR, CANCELAR MIS DATOS PERSONALES U OPONERME A SU USO<\/strong><\/h2>\n\n\n\n<p>Usted tiene derecho para: i) acceder a sus datos que nos proporcion\u00f3; ii) rectificarlos al ser inexactos o incompletos; iii) cancelarlos cuando considere que no se requieren para alguna de las finalidades se\u00f1aladas en el presente Aviso, est\u00e9n siendo utilizados para fines no consentidos, o haya finalizado su membres\u00eda con nosotros. Incluso puede oponerse al tratamiento de los mismos para fines espec\u00edficos. Estos derechos en su conjunto, se les denominan derechos ARCO.<\/p>\n\n\n\n<p>Para hacer valer cualquiera de sus derechos ARCO, podr\u00e1 contactarnos al correo electr\u00f3nico&nbsp;<a href=\"mailto:thania.nava@wisdenn.com\">thania.nava@wisdenn.com<\/a>. Su solicitud debe contener la siguiente informaci\u00f3n para estar en posibilidad de atender su petici\u00f3n: nombre completo; n\u00famero de membres\u00eda; correo elecr\u00f3nico u otro medio para comunicarle la respuesta a su solicitud; los documentos que acrediten su identidad o, en su caso, la de su representante legal; la descripci\u00f3n clara y precisa de los datos personales respecto de los que se busca ejercer alguno de los derechos antes mencionados y cualquier otro elemento que facilite la localizaci\u00f3n de dicha informaci\u00f3n.<\/p>\n\n\n\n<p>El ejercicio de cada uno de estos derechos es independiente entre s\u00ed, por lo que no es necesario agotar uno para ejercer alguno de los otros tres.<\/p>\n\n\n\n<p>Podemos negarnos total o parcialmente a hacer valer su petici\u00f3n sobre sus derechos ARCO, siempre y cuando:<\/p>\n\n\n\n<ol class=\"wp-block-list\" style=\"list-style-type:lower-roman\">\n<li>Quien lo solicite no sea el titular de los datos personales, o el representante no est\u00e9 debidamente acreditado.<\/li>\n\n\n\n<li>No tengamos en nuestra posesi\u00f3n los datos personales que refiera su solicitud.<\/li>\n\n\n\n<li>&nbsp;Se lesionen datos personales de un tercero.<\/li>\n\n\n\n<li>&nbsp;Exista alg\u00fan impedimento legal o resoluci\u00f3n de autoridad competente que restrinja el ejercicio de alguno de los derechos ARCO.<\/li>\n<\/ol>\n\n\n\n<p>Nosotros comunicaremos y justificaremos cuando se actualice alguno de los anteriores supuestos y no pueda llevarse a cabo la acci\u00f3n que nos fue solicitada.<\/p>\n\n\n\n<p>Una vez efectivamente presentada y recibida la solicitud, contamos con un plazo m\u00e1ximo de veinte d\u00edas h\u00e1biles para responder, y quince d\u00edas h\u00e1biles m\u00e1s para hacer efectivo el ejercicio del derecho que solicite, en caso de que resulte procedente. Plazos que pueden ser ampliados por una sola vez y por un periodo igual, cuando existan hechos razonables que lo justifiquen.<\/p>\n\n\n\n<h2 class=\"wp-block-heading\"><strong>C\u00d3MO REVOCAR MI CONSENTIMIENTO PARA EL TRATAMIENTO DE MIS DATOS<\/strong><\/h2>\n\n\n\n<p>Usted podr\u00e1 revocar en todo momento el consentimiento que nos ha otorgado para el tratamiento de sus datos personales, a efecto de que dejemos de usarlos. Para ello, es necesario que presente su petici\u00f3n por escrito, enviando su solicitud al correo electr\u00f3nico&nbsp;<a href=\"mailto:thania.nava@wisdenn.com\">thania.nava@wisdenn.com<\/a>. Una vez efectivamente presentada y recibida, contamos con un plazo m\u00e1ximo de veinte d\u00edas h\u00e1biles para responder, y quince d\u00edas h\u00e1biles m\u00e1s para hacer efectiva su petici\u00f3n. Estos plazos podr\u00e1n ser ampliados por una sola vez y por un periodo igual cuando existan hechos que lo justifiquen.<\/p>\n\n\n\n<p>Para una correcta atenci\u00f3n a su solicitud deber\u00e1 enviarla al correo electr\u00f3nico antes se\u00f1alado, conteniendo los siguientes datos:<\/p>\n\n\n\n<ol class=\"wp-block-list\" style=\"list-style-type:lower-roman\">\n<li>Su nombre y domicilio completos.<\/li>\n\n\n\n<li>Su identificaci\u00f3n o documentos que acrediten la personalidad de su representante legal.<\/li>\n\n\n\n<li>Especificar los datos respecto de los cuales desea revocar su consentimiento para el tratamiento de los mismos.<\/li>\n\n\n\n<li>Cualquier otro elemento o documento que facilite la localizaci\u00f3n de sus datos personales.<\/li>\n<\/ol>\n\n\n\n<h2 class=\"wp-block-heading\"><strong>QU\u00c9 SON LOS COOKIES Y WEB BEACONS<\/strong><\/h2>\n\n\n\n<p>Las cookies son archivos de texto, descargados autom\u00e1ticamente y almacenados en el disco duro del equipo de c\u00f3mputo del usuario al navegar en una p\u00e1gina de Internet espec\u00edfica, que permiten recordar al servidor de Internet algunos datos sobre los usuarios que acceden a nuestro portal, as\u00ed como para rastrear ciertos comportamientos o actividades. Las cookies permiten reconocer a los usuarios, detectar el ancho de banda que han seleccionado, identificar la informaci\u00f3n m\u00e1s destacada, calcular el tama\u00f1o de la audiencia y medir algunos par\u00e1metros de tr\u00e1fico en el Internet. Mientras que las web beacons son im\u00e1genes insertadas en una p\u00e1gina web o correo electr\u00f3nico, que pueden ser utilizadas para monitorear el comportamiento de un visitante, como almacenar informaci\u00f3n sobre su direcci\u00f3n IP, tiempo de interacci\u00f3n en dicha p\u00e1gina y tipo de navegador utilizado, entre otros aspectos relacionados.<\/p>\n\n\n\n<p>Utilizamos cookies y web beacons para obtener informaci\u00f3n de usted, como:<\/p>\n\n\n\n<ol class=\"wp-block-list\" style=\"list-style-type:lower-roman\">\n<li>Su tipo de navegador y sistema operativo.<\/li>\n\n\n\n<li>P\u00e1ginas de Internet que visita.\u2028<\/li>\n\n\n\n<li>V\u00ednculos que accede.\u2028<\/li>\n\n\n\n<li>Direcci\u00f3n IP.\u2028<\/li>\n\n\n\n<li>Sitio visitado antes de entrar al nuestro.<\/li>\n<\/ol>\n\n\n\n<h2 class=\"wp-block-heading\"><strong>TRANSFERENCIA DE DATOS PERSONALES Y CONFIDENCIALIDAD<\/strong><\/h2>\n\n\n\n<p>Cuando se encuentre en nuestro sitio Web, o en alguna de nuestras aplicaciones en l\u00ednea, compartir\u00e1 sus datos con nosotros, salvo que se especifique lo contrario. No tenemos obligaci\u00f3n de mantener confidencial cualquier informaci\u00f3n que nos proporcione por medio de boletines y pl\u00e1ticas en l\u00ednea (chats), as\u00ed como a trav\u00e9s de las cookies; lo anterior con base en los t\u00e9rminos establecidos en la Ley Federal del Derecho de Autor y la Ley Federal de Protecci\u00f3n al Consumidor. S\u00f3lo pudi\u00e9ramos difundir su informaci\u00f3n en casos especiales, como identificar, localizar o realizar acciones legales contra aquellas personas que infrinjan los T\u00e9rminos de Uso de nuestro servicio, causen da\u00f1os a, o interfieran en los derechos de\u00a0<strong>WISDENN, WIZ o StarDrive<\/strong>, nuestros derechos y propiedades, de otros miembros o de cualquier persona que pudiese resultar perjudicada por dichas acciones.<\/p>\n\n\n\n<p><br>Si no desea que sus datos sean compartidos, podr\u00e1 prescindir de un servicio determinado o abstenerse de participar en nuestras promociones.<\/p>\n\n\n\n<p>Sus datos personales ser\u00e1n utilizados para las finalidades se\u00f1aladas en este Aviso de Privacidad. Nos comprometemos a no transferir su informaci\u00f3n personal a terceros sin su previo consentimiento, salvo las excepciones previstas en la Ley Federal de Protecci\u00f3n de Datos Personales en Posesi\u00f3n de los Particulares (Art\u00edculo 37). Adem\u00e1s, no compartiremos su informaci\u00f3n confidencial con terceras partes, salvo su expresa autorizaci\u00f3n o cuando por medio de una orden judicial se requiera para cumplir con ciertas disposiciones procesales.<\/p>\n\n\n\n<p>A pesar de que la protecci\u00f3n de los datos enviados a trav\u00e9s de Internet no se puede garantizar al 100%; una vez recibidos, haremos todo lo posible por salvaguardar la informaci\u00f3n.<\/p>\n\n\n\n<h2 class=\"wp-block-heading\"><strong>MENORES DE EDAD<\/strong><\/h2>\n\n\n\n<p>Como se especifica en nuestros T\u00e9rminos de Uso de nuestra plataforma, para ser usuario del Servicio&nbsp;<strong>WISDENN, WIZ y StarDrive<\/strong>, se debe ser mayor de dieciocho a\u00f1os o mayor de edad en su territorio de residencia. Por lo que se recomienda a los padres y tutores que asesoren a los menores de edad al momento de navegar por Internet y antes de que aprueben el env\u00edo de cualquier tipo de informaci\u00f3n personal.<\/p>\n\n\n\n<h2 class=\"wp-block-heading\"><strong>MODIFICACIONES AL AVISO DE PRIVACIDAD<\/strong><\/h2>\n\n\n\n<p>Nos reservamos el derecho de efectuar en cualquier momento, modificaciones o actualizaciones al presente Aviso de Privacidad y adaptarlas a novedades legislativas, jurisprudenciales, pol\u00edticas internas o nuevos requerimientos para la prestaci\u00f3n u ofrecimiento de nuestros servicios o productos. Tales adecuaciones estar\u00e1n disponibles a trav\u00e9s de nuestra p\u00e1gina de Internet, nuestras aplicaciones en l\u00ednea, o se las haremos llegar al \u00faltimo correo electr\u00f3nico que nos haya proporcionado; siendo su responsabilidad leer habitualmente nuestras pol\u00edticas de privacidad, para estar al tanto de dichas modificaciones.<\/p>\n\n\n\n<h2 class=\"wp-block-heading\"><strong>ACEPTACI\u00d3N DEL AVISO<\/strong><\/h2>\n\n\n\n<p>Este Aviso est\u00e1 sujeto a los t\u00e9rminos y condiciones de nuestra plataforma, constituyendo un acuerdo legal entre nosotros y nuestros miembros; quienes s\u00ed utilizan nuestros servicios&nbsp;<strong>WISDENN, WIZ o StarDrive<\/strong>, significa que han le\u00eddo, entendido y acordado los t\u00e9rminos antes expuestos. Si no est\u00e1 de acuerdo con ellos, no deber\u00e1 proporcionar ninguna informaci\u00f3n personal, ni utilizar nuestra plataforma.<\/p>\n\n\n\n<h2 class=\"wp-block-heading\"><strong>Y SI HAY UN TRATAMIENTO INDEBIDO DE MIS DATOS PERSONALES, ANTE QUI\u00c9N PUEDO ACUIR POR ELLO<\/strong><\/h2>\n\n\n\n<p>Si considera que su derecho de protecci\u00f3n de datos personales ha sido lesionado por alguna conducta de nuestra parte o existe alguna violaci\u00f3n a las disposiciones previstas en la Ley Federal de Protecci\u00f3n de Datos Personales en Posesi\u00f3n de los Particulares; podr\u00e1 interponer la queja o denuncia correspondiente ante el Instituto Federal de Acceso a la Informaci\u00f3n y Protecci\u00f3n de Datos (IFAI). Para lo cual puede visitar la p\u00e1gina&nbsp;<a href=\"http:\/\/www.ifai.org.mx\/\">www.ifai.org.mx<\/a>.<\/p>\n\n\n\n<p><em><strong>\u00daltima actualizaci\u00f3n: 08\/03\/2022<\/strong><\/em><\/p>\n<\/div><\/div> <div class=\"bg-forma\"><\/div><\/section>\n","protected":false},"excerpt":{"rendered":"","protected":false},"author":1,"featured_media":0,"parent":0,"menu_order":0,"comment_status":"closed","ping_status":"open","template":"","meta":{"_acf_changed":false,"footnotes":""},"class_list":["post-2174","page","type-page","status-publish","hentry"],"acf":[],"yoast_head":"<!-- This site is optimized with the Yoast SEO plugin v27.3 - https:\/\/yoast.com\/product\/yoast-seo-wordpress\/ -->\n<title>Privacy Notice - Wisdenn<\/title>\n<meta name=\"robots\" content=\"index, follow, max-snippet:-1, max-image-preview:large, max-video-preview:-1\" \/>\n<link rel=\"canonical\" href=\"https:\/\/wisdenn.com\/en\/privacy-notice\/\" \/>\n<meta property=\"og:locale\" content=\"en_US\" \/>\n<meta property=\"og:type\" content=\"article\" \/>\n<meta property=\"og:title\" content=\"Privacy Notice - Wisdenn\" \/>\n<meta property=\"og:url\" content=\"https:\/\/wisdenn.com\/en\/privacy-notice\/\" \/>\n<meta property=\"og:site_name\" content=\"Wisdenn\" \/>\n<meta property=\"article:modified_time\" content=\"2024-08-16T14:19:56+00:00\" \/>\n<meta name=\"twitter:card\" content=\"summary_large_image\" \/>\n<meta name=\"twitter:label1\" content=\"Est. reading time\" \/>\n\t<meta name=\"twitter:data1\" content=\"9 minutes\" \/>\n<script type=\"application\/ld+json\" class=\"yoast-schema-graph\">{\"@context\":\"https:\\\/\\\/schema.org\",\"@graph\":[{\"@type\":\"WebPage\",\"@id\":\"https:\\\/\\\/wisdenn.com\\\/en\\\/privacy-notice\\\/\",\"url\":\"https:\\\/\\\/wisdenn.com\\\/en\\\/privacy-notice\\\/\",\"name\":\"Privacy Notice - Wisdenn\",\"isPartOf\":{\"@id\":\"https:\\\/\\\/wisdenn.com\\\/#website\"},\"datePublished\":\"2024-04-26T21:59:44+00:00\",\"dateModified\":\"2024-08-16T14:19:56+00:00\",\"breadcrumb\":{\"@id\":\"https:\\\/\\\/wisdenn.com\\\/en\\\/privacy-notice\\\/#breadcrumb\"},\"inLanguage\":\"en-US\",\"potentialAction\":[{\"@type\":\"ReadAction\",\"target\":[\"https:\\\/\\\/wisdenn.com\\\/en\\\/privacy-notice\\\/\"]}]},{\"@type\":\"BreadcrumbList\",\"@id\":\"https:\\\/\\\/wisdenn.com\\\/en\\\/privacy-notice\\\/#breadcrumb\",\"itemListElement\":[{\"@type\":\"ListItem\",\"position\":1,\"name\":\"Portada\",\"item\":\"https:\\\/\\\/wisdenn.com\\\/en\\\/inicio\\\/\"},{\"@type\":\"ListItem\",\"position\":2,\"name\":\"Privacy Notice\"}]},{\"@type\":\"WebSite\",\"@id\":\"https:\\\/\\\/wisdenn.com\\\/#website\",\"url\":\"https:\\\/\\\/wisdenn.com\\\/\",\"name\":\"Wisdenn\",\"description\":\"\",\"potentialAction\":[{\"@type\":\"SearchAction\",\"target\":{\"@type\":\"EntryPoint\",\"urlTemplate\":\"https:\\\/\\\/wisdenn.com\\\/?s={search_term_string}\"},\"query-input\":{\"@type\":\"PropertyValueSpecification\",\"valueRequired\":true,\"valueName\":\"search_term_string\"}}],\"inLanguage\":\"en-US\"}]}<\/script>\n<!-- \/ Yoast SEO plugin. -->","yoast_head_json":{"title":"Privacy Notice - Wisdenn","robots":{"index":"index","follow":"follow","max-snippet":"max-snippet:-1","max-image-preview":"max-image-preview:large","max-video-preview":"max-video-preview:-1"},"canonical":"https:\/\/wisdenn.com\/en\/privacy-notice\/","og_locale":"en_US","og_type":"article","og_title":"Privacy Notice - Wisdenn","og_url":"https:\/\/wisdenn.com\/en\/privacy-notice\/","og_site_name":"Wisdenn","article_modified_time":"2024-08-16T14:19:56+00:00","twitter_card":"summary_large_image","twitter_misc":{"Est. reading time":"9 minutes"},"schema":{"@context":"https:\/\/schema.org","@graph":[{"@type":"WebPage","@id":"https:\/\/wisdenn.com\/en\/privacy-notice\/","url":"https:\/\/wisdenn.com\/en\/privacy-notice\/","name":"Privacy Notice - Wisdenn","isPartOf":{"@id":"https:\/\/wisdenn.com\/#website"},"datePublished":"2024-04-26T21:59:44+00:00","dateModified":"2024-08-16T14:19:56+00:00","breadcrumb":{"@id":"https:\/\/wisdenn.com\/en\/privacy-notice\/#breadcrumb"},"inLanguage":"en-US","potentialAction":[{"@type":"ReadAction","target":["https:\/\/wisdenn.com\/en\/privacy-notice\/"]}]},{"@type":"BreadcrumbList","@id":"https:\/\/wisdenn.com\/en\/privacy-notice\/#breadcrumb","itemListElement":[{"@type":"ListItem","position":1,"name":"Portada","item":"https:\/\/wisdenn.com\/en\/inicio\/"},{"@type":"ListItem","position":2,"name":"Privacy Notice"}]},{"@type":"WebSite","@id":"https:\/\/wisdenn.com\/#website","url":"https:\/\/wisdenn.com\/","name":"Wisdenn","description":"","potentialAction":[{"@type":"SearchAction","target":{"@type":"EntryPoint","urlTemplate":"https:\/\/wisdenn.com\/?s={search_term_string}"},"query-input":{"@type":"PropertyValueSpecification","valueRequired":true,"valueName":"search_term_string"}}],"inLanguage":"en-US"}]}},"_links":{"self":[{"href":"https:\/\/wisdenn.com\/en\/wp-json\/wp\/v2\/pages\/2174","targetHints":{"allow":["GET"]}}],"collection":[{"href":"https:\/\/wisdenn.com\/en\/wp-json\/wp\/v2\/pages"}],"about":[{"href":"https:\/\/wisdenn.com\/en\/wp-json\/wp\/v2\/types\/page"}],"author":[{"embeddable":true,"href":"https:\/\/wisdenn.com\/en\/wp-json\/wp\/v2\/users\/1"}],"replies":[{"embeddable":true,"href":"https:\/\/wisdenn.com\/en\/wp-json\/wp\/v2\/comments?post=2174"}],"version-history":[{"count":1,"href":"https:\/\/wisdenn.com\/en\/wp-json\/wp\/v2\/pages\/2174\/revisions"}],"predecessor-version":[{"id":2182,"href":"https:\/\/wisdenn.com\/en\/wp-json\/wp\/v2\/pages\/2174\/revisions\/2182"}],"wp:attachment":[{"href":"https:\/\/wisdenn.com\/en\/wp-json\/wp\/v2\/media?parent=2174"}],"curies":[{"name":"wp","href":"https:\/\/api.w.org\/{rel}","templated":true}]}}